{"id":75,"date":"2023-07-14T17:00:01","date_gmt":"2023-07-14T13:00:01","guid":{"rendered":"https:\/\/portailpro.azer.re\/?page_id=75"},"modified":"2023-07-20T18:24:22","modified_gmt":"2023-07-20T14:24:22","slug":"creation-dentreprise","status":"publish","type":"page","link":"https:\/\/portailpro.azer.re\/?page_id=75","title":{"rendered":"Cr\u00e9ation d&rsquo;entreprise"},"content":{"rendered":"\n<p>De l&rsquo;id\u00e9e &#8230; au projet &#8230; \u00e0 la r\u00e9alisation ! <\/p>\n\n\n\n<p>Se lancer dans la cr\u00e9ation d&rsquo;une entreprise est passionnant : concr\u00e9tiser un r\u00eave, cr\u00e9er sont propre emploi , employer du personnel &#8230;<\/p>\n\n\n\n<p>Cependant il est imperatif de bien se faire accompagner et de prendre le temps d&rsquo;acquerir un maximum de connaissances g\u00e9n\u00e9rales sur le monde de l&rsquo;entreprise.<\/p>\n\n\n\n<p>Concretement, et de mani\u00e8re non exhaustive voici les grandes questions a se poser :<\/p>\n\n\n\n<ul class=\"wp-block-list\">\n<li>quelle sera mon activit\u00e9 ?<\/li>\n\n\n\n<li>o\u00fa vais-je domicilier mon entreprise ?<\/li>\n\n\n\n<li>o\u00fa vais-je exercer mon m\u00e9tier ?<\/li>\n\n\n\n<li>quelle est ma cible clients ?<\/li>\n\n\n\n<li>ais-je les fournisseurs ?<\/li>\n\n\n\n<li>ais-je besoin d&rsquo;un apport ? j&rsquo;autofinance? je demande des subventions?<\/li>\n\n\n\n<li>aurais-je des associ\u00e9s? des employ\u00e9s? des apprentis ?<\/li>\n\n\n\n<li>quid de la concurence ? \u00e9tude de march\u00e9s ?<\/li>\n\n\n\n<li>&#8230;<\/li>\n<\/ul>\n\n\n\n<p><\/p>\n","protected":false},"excerpt":{"rendered":"<p>De l&rsquo;id\u00e9e &#8230; au projet &#8230; \u00e0 la r\u00e9alisation ! Se lancer dans la cr\u00e9ation d&rsquo;une entreprise est passionnant : concr\u00e9tiser un r\u00eave, cr\u00e9er sont propre emploi , employer du personnel &#8230; Cependant il est imperatif de bien se faire accompagner et de prendre le temps d&rsquo;acquerir un maximum de connaissances g\u00e9n\u00e9rales sur le monde &hellip; <\/p>\n<p class=\"link-more\"><a href=\"https:\/\/portailpro.azer.re\/?page_id=75\" class=\"more-link\">Continue reading<span class=\"screen-reader-text\"> \u00ab\u00a0Cr\u00e9ation d&rsquo;entreprise\u00a0\u00bb<\/span><\/a><\/p>\n","protected":false},"author":1,"featured_media":0,"parent":0,"menu_order":0,"comment_status":"closed","ping_status":"closed","template":"","meta":{"footnotes":""},"class_list":["post-75","page","type-page","status-publish","hentry"],"yoast_head":"<!-- This site is optimized with the Yoast SEO plugin v20.11 - https:\/\/yoast.com\/wordpress\/plugins\/seo\/ -->\n<title>Cr\u00e9ation d&#039;entreprise - Portail PRO<\/title>\n<meta name=\"robots\" content=\"index, follow, max-snippet:-1, max-image-preview:large, max-video-preview:-1\" \/>\n<link rel=\"canonical\" href=\"https:\/\/portailpro.azer.re\/?page_id=75\" \/>\n<meta property=\"og:locale\" content=\"fr_FR\" \/>\n<meta property=\"og:type\" content=\"article\" \/>\n<meta property=\"og:title\" content=\"Cr\u00e9ation d&#039;entreprise - Portail PRO\" \/>\n<meta property=\"og:description\" content=\"De l&rsquo;id\u00e9e &#8230; au projet &#8230; \u00e0 la r\u00e9alisation ! Se lancer dans la cr\u00e9ation d&rsquo;une entreprise est passionnant : concr\u00e9tiser un r\u00eave, cr\u00e9er sont propre emploi , employer du personnel &#8230; Cependant il est imperatif de bien se faire accompagner et de prendre le temps d&rsquo;acquerir un maximum de connaissances g\u00e9n\u00e9rales sur le monde &hellip; Continue reading &quot;Cr\u00e9ation d&rsquo;entreprise&quot;\" \/>\n<meta property=\"og:url\" content=\"https:\/\/portailpro.azer.re\/?page_id=75\" \/>\n<meta property=\"og:site_name\" content=\"Portail PRO\" \/>\n<meta property=\"article:modified_time\" content=\"2023-07-20T14:24:22+00:00\" \/>\n<meta name=\"twitter:card\" content=\"summary_large_image\" \/>\n<meta name=\"twitter:label1\" content=\"Dur\u00e9e de lecture estim\u00e9e\" \/>\n\t<meta name=\"twitter:data1\" content=\"1 minute\" \/>\n<script type=\"application\/ld+json\" class=\"yoast-schema-graph\">{\"@context\":\"https:\/\/schema.org\",\"@graph\":[{\"@type\":\"WebPage\",\"@id\":\"https:\/\/portailpro.azer.re\/?page_id=75\",\"url\":\"https:\/\/portailpro.azer.re\/?page_id=75\",\"name\":\"Cr\u00e9ation d'entreprise - Portail PRO\",\"isPartOf\":{\"@id\":\"https:\/\/portailpro.azer.re\/#website\"},\"datePublished\":\"2023-07-14T13:00:01+00:00\",\"dateModified\":\"2023-07-20T14:24:22+00:00\",\"breadcrumb\":{\"@id\":\"https:\/\/portailpro.azer.re\/?page_id=75#breadcrumb\"},\"inLanguage\":\"fr-FR\",\"potentialAction\":[{\"@type\":\"ReadAction\",\"target\":[\"https:\/\/portailpro.azer.re\/?page_id=75\"]}]},{\"@type\":\"BreadcrumbList\",\"@id\":\"https:\/\/portailpro.azer.re\/?page_id=75#breadcrumb\",\"itemListElement\":[{\"@type\":\"ListItem\",\"position\":1,\"name\":\"Accueil\",\"item\":\"https:\/\/portailpro.azer.re\/\"},{\"@type\":\"ListItem\",\"position\":2,\"name\":\"Cr\u00e9ation d&rsquo;entreprise\"}]},{\"@type\":\"WebSite\",\"@id\":\"https:\/\/portailpro.azer.re\/#website\",\"url\":\"https:\/\/portailpro.azer.re\/\",\"name\":\"Portail PRO\",\"description\":\"Aide aux chefs de petites entreprises et artisans\",\"publisher\":{\"@id\":\"https:\/\/portailpro.azer.re\/#organization\"},\"potentialAction\":[{\"@type\":\"SearchAction\",\"target\":{\"@type\":\"EntryPoint\",\"urlTemplate\":\"https:\/\/portailpro.azer.re\/?s={search_term_string}\"},\"query-input\":\"required name=search_term_string\"}],\"inLanguage\":\"fr-FR\"},{\"@type\":\"Organization\",\"@id\":\"https:\/\/portailpro.azer.re\/#organization\",\"name\":\"Portail PRO\",\"url\":\"https:\/\/portailpro.azer.re\/\",\"logo\":{\"@type\":\"ImageObject\",\"inLanguage\":\"fr-FR\",\"@id\":\"https:\/\/portailpro.azer.re\/#\/schema\/logo\/image\/\",\"url\":\"https:\/\/portailpro.azer.re\/wp-content\/uploads\/2023\/07\/protailazerrepngseul.png\",\"contentUrl\":\"https:\/\/portailpro.azer.re\/wp-content\/uploads\/2023\/07\/protailazerrepngseul.png\",\"width\":960,\"height\":557,\"caption\":\"Portail PRO\"},\"image\":{\"@id\":\"https:\/\/portailpro.azer.re\/#\/schema\/logo\/image\/\"}}]}<\/script>\n<!-- \/ Yoast SEO plugin. -->","yoast_head_json":{"title":"Cr\u00e9ation d'entreprise - Portail PRO","robots":{"index":"index","follow":"follow","max-snippet":"max-snippet:-1","max-image-preview":"max-image-preview:large","max-video-preview":"max-video-preview:-1"},"canonical":"https:\/\/portailpro.azer.re\/?page_id=75","og_locale":"fr_FR","og_type":"article","og_title":"Cr\u00e9ation d'entreprise - Portail PRO","og_description":"De l&rsquo;id\u00e9e &#8230; au projet &#8230; \u00e0 la r\u00e9alisation ! Se lancer dans la cr\u00e9ation d&rsquo;une entreprise est passionnant : concr\u00e9tiser un r\u00eave, cr\u00e9er sont propre emploi , employer du personnel &#8230; Cependant il est imperatif de bien se faire accompagner et de prendre le temps d&rsquo;acquerir un maximum de connaissances g\u00e9n\u00e9rales sur le monde &hellip; Continue reading \"Cr\u00e9ation d&rsquo;entreprise\"","og_url":"https:\/\/portailpro.azer.re\/?page_id=75","og_site_name":"Portail PRO","article_modified_time":"2023-07-20T14:24:22+00:00","twitter_card":"summary_large_image","twitter_misc":{"Dur\u00e9e de lecture estim\u00e9e":"1 minute"},"schema":{"@context":"https:\/\/schema.org","@graph":[{"@type":"WebPage","@id":"https:\/\/portailpro.azer.re\/?page_id=75","url":"https:\/\/portailpro.azer.re\/?page_id=75","name":"Cr\u00e9ation d'entreprise - Portail PRO","isPartOf":{"@id":"https:\/\/portailpro.azer.re\/#website"},"datePublished":"2023-07-14T13:00:01+00:00","dateModified":"2023-07-20T14:24:22+00:00","breadcrumb":{"@id":"https:\/\/portailpro.azer.re\/?page_id=75#breadcrumb"},"inLanguage":"fr-FR","potentialAction":[{"@type":"ReadAction","target":["https:\/\/portailpro.azer.re\/?page_id=75"]}]},{"@type":"BreadcrumbList","@id":"https:\/\/portailpro.azer.re\/?page_id=75#breadcrumb","itemListElement":[{"@type":"ListItem","position":1,"name":"Accueil","item":"https:\/\/portailpro.azer.re\/"},{"@type":"ListItem","position":2,"name":"Cr\u00e9ation d&rsquo;entreprise"}]},{"@type":"WebSite","@id":"https:\/\/portailpro.azer.re\/#website","url":"https:\/\/portailpro.azer.re\/","name":"Portail PRO","description":"Aide aux chefs de petites entreprises et artisans","publisher":{"@id":"https:\/\/portailpro.azer.re\/#organization"},"potentialAction":[{"@type":"SearchAction","target":{"@type":"EntryPoint","urlTemplate":"https:\/\/portailpro.azer.re\/?s={search_term_string}"},"query-input":"required name=search_term_string"}],"inLanguage":"fr-FR"},{"@type":"Organization","@id":"https:\/\/portailpro.azer.re\/#organization","name":"Portail PRO","url":"https:\/\/portailpro.azer.re\/","logo":{"@type":"ImageObject","inLanguage":"fr-FR","@id":"https:\/\/portailpro.azer.re\/#\/schema\/logo\/image\/","url":"https:\/\/portailpro.azer.re\/wp-content\/uploads\/2023\/07\/protailazerrepngseul.png","contentUrl":"https:\/\/portailpro.azer.re\/wp-content\/uploads\/2023\/07\/protailazerrepngseul.png","width":960,"height":557,"caption":"Portail PRO"},"image":{"@id":"https:\/\/portailpro.azer.re\/#\/schema\/logo\/image\/"}}]}},"jetpack_sharing_enabled":true,"_links":{"self":[{"href":"https:\/\/portailpro.azer.re\/index.php?rest_route=\/wp\/v2\/pages\/75","targetHints":{"allow":["GET"]}}],"collection":[{"href":"https:\/\/portailpro.azer.re\/index.php?rest_route=\/wp\/v2\/pages"}],"about":[{"href":"https:\/\/portailpro.azer.re\/index.php?rest_route=\/wp\/v2\/types\/page"}],"author":[{"embeddable":true,"href":"https:\/\/portailpro.azer.re\/index.php?rest_route=\/wp\/v2\/users\/1"}],"replies":[{"embeddable":true,"href":"https:\/\/portailpro.azer.re\/index.php?rest_route=%2Fwp%2Fv2%2Fcomments&post=75"}],"version-history":[{"count":5,"href":"https:\/\/portailpro.azer.re\/index.php?rest_route=\/wp\/v2\/pages\/75\/revisions"}],"predecessor-version":[{"id":119,"href":"https:\/\/portailpro.azer.re\/index.php?rest_route=\/wp\/v2\/pages\/75\/revisions\/119"}],"wp:attachment":[{"href":"https:\/\/portailpro.azer.re\/index.php?rest_route=%2Fwp%2Fv2%2Fmedia&parent=75"}],"curies":[{"name":"wp","href":"https:\/\/api.w.org\/{rel}","templated":true}]}}