{"id":77,"date":"2023-07-14T17:00:28","date_gmt":"2023-07-14T13:00:28","guid":{"rendered":"https:\/\/portailpro.azer.re\/?page_id=77"},"modified":"2023-07-20T18:24:19","modified_gmt":"2023-07-20T14:24:19","slug":"les-differentes-formes-juridiques","status":"publish","type":"page","link":"https:\/\/portailpro.azer.re\/?page_id=77","title":{"rendered":"Les diff\u00e9rentes formes juridiques"},"content":{"rendered":"\n<p><strong><span style=\"text-decoration: underline;\">En France, les principales formes juridiques d&rsquo;entreprises sont les suivantes :<\/span><\/strong><\/p>\n\n\n\n<ol class=\"wp-block-list\">\n<li>Entreprise individuelle (EI) : C&rsquo;est une entreprise exploit\u00e9e par une seule personne, qui engage sa responsabilit\u00e9 personnelle sur l&rsquo;ensemble de son patrimoine. Il n&rsquo;y a pas de distinction l\u00e9gale entre le patrimoine personnel et professionnel du chef d&rsquo;entreprise.<\/li>\n\n\n\n<li>Auto-entrepreneur (ou micro-entrepreneur) : C&rsquo;est une forme simplifi\u00e9e d&rsquo;entreprise individuelle, b\u00e9n\u00e9ficiant d&rsquo;un r\u00e9gime fiscal et social avantageux pour les petites activit\u00e9s. Le chiffre d&rsquo;affaires est plafonn\u00e9 et il n&rsquo;y a pas de TVA \u00e0 facturer.<\/li>\n\n\n\n<li>Soci\u00e9t\u00e9 \u00e0 responsabilit\u00e9 limit\u00e9e (SARL) : Une SARL est une soci\u00e9t\u00e9 constitu\u00e9e par deux associ\u00e9s au minimum. La responsabilit\u00e9 des associ\u00e9s est limit\u00e9e \u00e0 leurs apports en capital, et la soci\u00e9t\u00e9 est une personne morale distincte de ses associ\u00e9s.<\/li>\n\n\n\n<li>Soci\u00e9t\u00e9 par actions simplifi\u00e9e (SAS) : Une SAS est une soci\u00e9t\u00e9 o\u00f9 les associ\u00e9s d\u00e9terminent librement les r\u00e8gles de fonctionnement dans les statuts. Elle permet une grande souplesse dans l&rsquo;organisation de l&rsquo;entreprise et offre des avantages en mati\u00e8re de responsabilit\u00e9 des associ\u00e9s.<\/li>\n\n\n\n<li>Soci\u00e9t\u00e9 anonyme (SA) : Une SA est une forme de soci\u00e9t\u00e9 plus adapt\u00e9e aux grandes entreprises, avec un capital divis\u00e9 en actions. Les actionnaires ne sont responsables qu&rsquo;\u00e0 concurrence de leur apport au capital.<\/li>\n\n\n\n<li>Entreprise unipersonnelle \u00e0 responsabilit\u00e9 limit\u00e9e (EURL) : C&rsquo;est une variante de la SARL o\u00f9 il n&rsquo;y a qu&rsquo;un seul associ\u00e9, avec une responsabilit\u00e9 limit\u00e9e aux apports.<\/li>\n\n\n\n<li>Soci\u00e9t\u00e9 par actions simplifi\u00e9e unipersonnelle (SASU) : Similaire \u00e0 l&rsquo;EURL pour la SAS, la SASU est une forme de SAS avec un seul associ\u00e9.<\/li>\n<\/ol>\n\n\n\n<p>Il est important de noter que chaque forme juridique pr\u00e9sente des avantages et des inconv\u00e9nients en mati\u00e8re de fiscalit\u00e9, de responsabilit\u00e9, de gestion et de formalit\u00e9s administratives. Le choix de la structure d\u00e9pendra des besoins et des objectifs sp\u00e9cifiques de l&rsquo;entrepreneur et de l&rsquo;entreprise. Il est recommand\u00e9 de consulter un professionnel du droit ou de la comptabilit\u00e9 pour choisir la forme la plus adapt\u00e9e \u00e0 votre situation.<\/p>\n","protected":false},"excerpt":{"rendered":"<p>En France, les principales formes juridiques d&rsquo;entreprises sont les suivantes : Il est important de noter que chaque forme juridique pr\u00e9sente des avantages et des inconv\u00e9nients en mati\u00e8re de fiscalit\u00e9, de responsabilit\u00e9, de gestion et de formalit\u00e9s administratives. Le choix de la structure d\u00e9pendra des besoins et des objectifs sp\u00e9cifiques de l&rsquo;entrepreneur et de l&rsquo;entreprise. &hellip; <\/p>\n<p class=\"link-more\"><a href=\"https:\/\/portailpro.azer.re\/?page_id=77\" class=\"more-link\">Continue reading<span class=\"screen-reader-text\"> \u00ab\u00a0Les diff\u00e9rentes formes juridiques\u00a0\u00bb<\/span><\/a><\/p>\n","protected":false},"author":1,"featured_media":0,"parent":0,"menu_order":0,"comment_status":"closed","ping_status":"closed","template":"","meta":{"footnotes":""},"class_list":["post-77","page","type-page","status-publish","hentry"],"yoast_head":"<!-- This site is optimized with the Yoast SEO plugin v20.11 - https:\/\/yoast.com\/wordpress\/plugins\/seo\/ -->\n<title>Les diff\u00e9rentes formes juridiques - Portail PRO<\/title>\n<meta name=\"robots\" content=\"index, follow, max-snippet:-1, max-image-preview:large, max-video-preview:-1\" \/>\n<link rel=\"canonical\" href=\"https:\/\/portailpro.azer.re\/?page_id=77\" \/>\n<meta property=\"og:locale\" content=\"fr_FR\" \/>\n<meta property=\"og:type\" content=\"article\" \/>\n<meta property=\"og:title\" content=\"Les diff\u00e9rentes formes juridiques - Portail PRO\" \/>\n<meta property=\"og:description\" content=\"En France, les principales formes juridiques d&rsquo;entreprises sont les suivantes : Il est important de noter que chaque forme juridique pr\u00e9sente des avantages et des inconv\u00e9nients en mati\u00e8re de fiscalit\u00e9, de responsabilit\u00e9, de gestion et de formalit\u00e9s administratives. Le choix de la structure d\u00e9pendra des besoins et des objectifs sp\u00e9cifiques de l&rsquo;entrepreneur et de l&rsquo;entreprise. &hellip; Continue reading &quot;Les diff\u00e9rentes formes juridiques&quot;\" \/>\n<meta property=\"og:url\" content=\"https:\/\/portailpro.azer.re\/?page_id=77\" \/>\n<meta property=\"og:site_name\" content=\"Portail PRO\" \/>\n<meta property=\"article:modified_time\" content=\"2023-07-20T14:24:19+00:00\" \/>\n<meta name=\"twitter:card\" content=\"summary_large_image\" \/>\n<meta name=\"twitter:label1\" content=\"Dur\u00e9e de lecture estim\u00e9e\" \/>\n\t<meta name=\"twitter:data1\" content=\"2 minutes\" \/>\n<script type=\"application\/ld+json\" class=\"yoast-schema-graph\">{\"@context\":\"https:\/\/schema.org\",\"@graph\":[{\"@type\":\"WebPage\",\"@id\":\"https:\/\/portailpro.azer.re\/?page_id=77\",\"url\":\"https:\/\/portailpro.azer.re\/?page_id=77\",\"name\":\"Les diff\u00e9rentes formes juridiques - Portail PRO\",\"isPartOf\":{\"@id\":\"https:\/\/portailpro.azer.re\/#website\"},\"datePublished\":\"2023-07-14T13:00:28+00:00\",\"dateModified\":\"2023-07-20T14:24:19+00:00\",\"breadcrumb\":{\"@id\":\"https:\/\/portailpro.azer.re\/?page_id=77#breadcrumb\"},\"inLanguage\":\"fr-FR\",\"potentialAction\":[{\"@type\":\"ReadAction\",\"target\":[\"https:\/\/portailpro.azer.re\/?page_id=77\"]}]},{\"@type\":\"BreadcrumbList\",\"@id\":\"https:\/\/portailpro.azer.re\/?page_id=77#breadcrumb\",\"itemListElement\":[{\"@type\":\"ListItem\",\"position\":1,\"name\":\"Accueil\",\"item\":\"https:\/\/portailpro.azer.re\/\"},{\"@type\":\"ListItem\",\"position\":2,\"name\":\"Les diff\u00e9rentes formes juridiques\"}]},{\"@type\":\"WebSite\",\"@id\":\"https:\/\/portailpro.azer.re\/#website\",\"url\":\"https:\/\/portailpro.azer.re\/\",\"name\":\"Portail PRO\",\"description\":\"Aide aux chefs de petites entreprises et artisans\",\"publisher\":{\"@id\":\"https:\/\/portailpro.azer.re\/#organization\"},\"potentialAction\":[{\"@type\":\"SearchAction\",\"target\":{\"@type\":\"EntryPoint\",\"urlTemplate\":\"https:\/\/portailpro.azer.re\/?s={search_term_string}\"},\"query-input\":\"required name=search_term_string\"}],\"inLanguage\":\"fr-FR\"},{\"@type\":\"Organization\",\"@id\":\"https:\/\/portailpro.azer.re\/#organization\",\"name\":\"Portail PRO\",\"url\":\"https:\/\/portailpro.azer.re\/\",\"logo\":{\"@type\":\"ImageObject\",\"inLanguage\":\"fr-FR\",\"@id\":\"https:\/\/portailpro.azer.re\/#\/schema\/logo\/image\/\",\"url\":\"https:\/\/portailpro.azer.re\/wp-content\/uploads\/2023\/07\/protailazerrepngseul.png\",\"contentUrl\":\"https:\/\/portailpro.azer.re\/wp-content\/uploads\/2023\/07\/protailazerrepngseul.png\",\"width\":960,\"height\":557,\"caption\":\"Portail PRO\"},\"image\":{\"@id\":\"https:\/\/portailpro.azer.re\/#\/schema\/logo\/image\/\"}}]}<\/script>\n<!-- \/ Yoast SEO plugin. -->","yoast_head_json":{"title":"Les diff\u00e9rentes formes juridiques - Portail PRO","robots":{"index":"index","follow":"follow","max-snippet":"max-snippet:-1","max-image-preview":"max-image-preview:large","max-video-preview":"max-video-preview:-1"},"canonical":"https:\/\/portailpro.azer.re\/?page_id=77","og_locale":"fr_FR","og_type":"article","og_title":"Les diff\u00e9rentes formes juridiques - Portail PRO","og_description":"En France, les principales formes juridiques d&rsquo;entreprises sont les suivantes : Il est important de noter que chaque forme juridique pr\u00e9sente des avantages et des inconv\u00e9nients en mati\u00e8re de fiscalit\u00e9, de responsabilit\u00e9, de gestion et de formalit\u00e9s administratives. Le choix de la structure d\u00e9pendra des besoins et des objectifs sp\u00e9cifiques de l&rsquo;entrepreneur et de l&rsquo;entreprise. &hellip; Continue reading \"Les diff\u00e9rentes formes juridiques\"","og_url":"https:\/\/portailpro.azer.re\/?page_id=77","og_site_name":"Portail PRO","article_modified_time":"2023-07-20T14:24:19+00:00","twitter_card":"summary_large_image","twitter_misc":{"Dur\u00e9e de lecture estim\u00e9e":"2 minutes"},"schema":{"@context":"https:\/\/schema.org","@graph":[{"@type":"WebPage","@id":"https:\/\/portailpro.azer.re\/?page_id=77","url":"https:\/\/portailpro.azer.re\/?page_id=77","name":"Les diff\u00e9rentes formes juridiques - Portail PRO","isPartOf":{"@id":"https:\/\/portailpro.azer.re\/#website"},"datePublished":"2023-07-14T13:00:28+00:00","dateModified":"2023-07-20T14:24:19+00:00","breadcrumb":{"@id":"https:\/\/portailpro.azer.re\/?page_id=77#breadcrumb"},"inLanguage":"fr-FR","potentialAction":[{"@type":"ReadAction","target":["https:\/\/portailpro.azer.re\/?page_id=77"]}]},{"@type":"BreadcrumbList","@id":"https:\/\/portailpro.azer.re\/?page_id=77#breadcrumb","itemListElement":[{"@type":"ListItem","position":1,"name":"Accueil","item":"https:\/\/portailpro.azer.re\/"},{"@type":"ListItem","position":2,"name":"Les diff\u00e9rentes formes juridiques"}]},{"@type":"WebSite","@id":"https:\/\/portailpro.azer.re\/#website","url":"https:\/\/portailpro.azer.re\/","name":"Portail PRO","description":"Aide aux chefs de petites entreprises et artisans","publisher":{"@id":"https:\/\/portailpro.azer.re\/#organization"},"potentialAction":[{"@type":"SearchAction","target":{"@type":"EntryPoint","urlTemplate":"https:\/\/portailpro.azer.re\/?s={search_term_string}"},"query-input":"required name=search_term_string"}],"inLanguage":"fr-FR"},{"@type":"Organization","@id":"https:\/\/portailpro.azer.re\/#organization","name":"Portail PRO","url":"https:\/\/portailpro.azer.re\/","logo":{"@type":"ImageObject","inLanguage":"fr-FR","@id":"https:\/\/portailpro.azer.re\/#\/schema\/logo\/image\/","url":"https:\/\/portailpro.azer.re\/wp-content\/uploads\/2023\/07\/protailazerrepngseul.png","contentUrl":"https:\/\/portailpro.azer.re\/wp-content\/uploads\/2023\/07\/protailazerrepngseul.png","width":960,"height":557,"caption":"Portail PRO"},"image":{"@id":"https:\/\/portailpro.azer.re\/#\/schema\/logo\/image\/"}}]}},"jetpack_sharing_enabled":true,"_links":{"self":[{"href":"https:\/\/portailpro.azer.re\/index.php?rest_route=\/wp\/v2\/pages\/77","targetHints":{"allow":["GET"]}}],"collection":[{"href":"https:\/\/portailpro.azer.re\/index.php?rest_route=\/wp\/v2\/pages"}],"about":[{"href":"https:\/\/portailpro.azer.re\/index.php?rest_route=\/wp\/v2\/types\/page"}],"author":[{"embeddable":true,"href":"https:\/\/portailpro.azer.re\/index.php?rest_route=\/wp\/v2\/users\/1"}],"replies":[{"embeddable":true,"href":"https:\/\/portailpro.azer.re\/index.php?rest_route=%2Fwp%2Fv2%2Fcomments&post=77"}],"version-history":[{"count":2,"href":"https:\/\/portailpro.azer.re\/index.php?rest_route=\/wp\/v2\/pages\/77\/revisions"}],"predecessor-version":[{"id":125,"href":"https:\/\/portailpro.azer.re\/index.php?rest_route=\/wp\/v2\/pages\/77\/revisions\/125"}],"wp:attachment":[{"href":"https:\/\/portailpro.azer.re\/index.php?rest_route=%2Fwp%2Fv2%2Fmedia&parent=77"}],"curies":[{"name":"wp","href":"https:\/\/api.w.org\/{rel}","templated":true}]}}