{"id":78,"date":"2023-07-14T17:00:40","date_gmt":"2023-07-14T13:00:40","guid":{"rendered":"https:\/\/portailpro.azer.re\/?page_id=78"},"modified":"2023-07-28T18:41:01","modified_gmt":"2023-07-28T14:41:01","slug":"notions-de-bases-du-chef-dentreprise","status":"publish","type":"page","link":"https:\/\/portailpro.azer.re\/?page_id=78","title":{"rendered":"notions de bases du chef d&rsquo;entreprise"},"content":{"rendered":"\n<p>En tant que chef d&rsquo;entreprise d&rsquo;une PME en France, il est essentiel de conna\u00eetre et de comprendre les principaux acronymes utilis\u00e9s dans le monde des affaires. Voici une liste des acronymes couramment utilis\u00e9s : <\/p>\n\n\n\n<p>Pour faire une recherche faites un Ctrl+F dans votre navigateur \ud83d\ude09<\/p>\n\n\n<div class=\"su-expand su-expand-collapsed su-expand-link-style-default\" data-height=\"24\"><div class=\"su-expand-content su-u-trim\" style=\"color:#333333;max-height:24px;overflow:hidden\">Lorem ipsum dolor sit amet, consectetur adipiscing elit. Praesent pharetra scelerisque urna, non posuere urna fringilla vel. Sed lorem lacus, lobortis a risus sed, gravida sodales mauris.<\/div><div class=\"su-expand-link su-expand-link-more\" style=\"text-align:left\"><a href=\"javascript:;\" style=\"color:#0088FF;border-color:#0088FF\"><span style=\"border-color:#0088FF\">Show more<\/span><\/a><\/div><div class=\"su-expand-link su-expand-link-less\" style=\"text-align:left\"><a href=\"javascript:;\" style=\"color:#0088FF;border-color:#0088FF\"><span style=\"border-color:#0088FF\">Show less<\/span><\/a><\/div><\/div>\n\n\n\n<ol class=\"wp-block-list\">\n<li>PME &#8211; Petite et Moyenne Entreprise<\/li>\n\n\n\n<li>TPE &#8211; Tr\u00e8s Petite Entreprise<\/li>\n\n\n\n<li>SARL &#8211; Soci\u00e9t\u00e9 \u00e0 Responsabilit\u00e9 Limit\u00e9e<\/li>\n\n\n\n<li>SAS &#8211; Soci\u00e9t\u00e9 par Actions Simplifi\u00e9e<\/li>\n\n\n\n<li>SA &#8211; Soci\u00e9t\u00e9 Anonyme<\/li>\n\n\n\n<li>CA &#8211; Chiffre d&rsquo;Affaires<\/li>\n\n\n\n<li>TVA &#8211; Taxe sur la Valeur Ajout\u00e9e<\/li>\n\n\n\n<li>IS &#8211; Imp\u00f4t sur les Soci\u00e9t\u00e9s<\/li>\n\n\n\n<li>CFE &#8211; Cotisation Fonci\u00e8re des Entreprises<\/li>\n\n\n\n<li>CVAE &#8211; Cotisation sur la Valeur Ajout\u00e9e des Entreprises<\/li>\n\n\n\n<li>URSSAF &#8211; Union de Recouvrement des cotisations de S\u00e9curit\u00e9 Sociale et d&rsquo;Allocations Familiales<\/li>\n\n\n\n<li>RSI &#8211; R\u00e9gime Social des Ind\u00e9pendants (remplac\u00e9 par la S\u00e9curit\u00e9 sociale des ind\u00e9pendants)<\/li>\n\n\n\n<li>INSEE &#8211; Institut National de la Statistique et des \u00c9tudes \u00c9conomiques<\/li>\n\n\n\n<li>NAF &#8211; Nomenclature des Activit\u00e9s Fran\u00e7aises<\/li>\n\n\n\n<li>SIRET &#8211; Syst\u00e8me d&rsquo;Identification du R\u00e9pertoire des \u00c9tablissements<\/li>\n\n\n\n<li>RIB &#8211; Relev\u00e9 d&rsquo;Identit\u00e9 Bancaire<\/li>\n\n\n\n<li>CDD &#8211; Contrat \u00e0 Dur\u00e9e D\u00e9termin\u00e9e<\/li>\n\n\n\n<li>CDI &#8211; Contrat \u00e0 Dur\u00e9e Ind\u00e9termin\u00e9e<\/li>\n\n\n\n<li>CIF &#8211; Cong\u00e9 Individuel de Formation<\/li>\n\n\n\n<li>CPF &#8211; Compte Personnel de Formation<\/li>\n\n\n\n<li>DIF &#8211; Droit Individuel \u00e0 la Formation (remplac\u00e9 par le CPF)<\/li>\n\n\n\n<li>TVS &#8211; Taxe sur les V\u00e9hicules de Soci\u00e9t\u00e9s<\/li>\n\n\n\n<li>CIR &#8211; Cr\u00e9dit d&rsquo;Imp\u00f4t Recherche<\/li>\n\n\n\n<li>CICE &#8211; Cr\u00e9dit d&rsquo;Imp\u00f4t pour la Comp\u00e9titivit\u00e9 et l&rsquo;Emploi<\/li>\n\n\n\n<li>CFE &#8211; Cotisation Fonci\u00e8re des Entreprises<\/li>\n\n\n\n<li>CVAE &#8211; Cotisation sur la Valeur Ajout\u00e9e des Entreprises<\/li>\n\n\n\n<li>AE &#8211; Auto-Entrepreneur (ou micro-entrepreneur)<\/li>\n\n\n\n<li>APL &#8211; Aide Personnalis\u00e9e au Logement<\/li>\n\n\n\n<li>APE &#8211; Activit\u00e9 Principale Exerc\u00e9e<\/li>\n\n\n\n<li>DAS2 &#8211; D\u00e9claration Annuelle de Donn\u00e9es Sociales<\/li>\n\n\n\n<li>CAPE &#8211; Contrat d&rsquo;Appui au Projet d&rsquo;Entreprise<\/li>\n\n\n\n<li>BFR &#8211; Besoin en Fonds de Roulement<\/li>\n\n\n\n<li>EBITDA &#8211; Earnings Before Interest, Taxes, Depreciation, and Amortization<\/li>\n\n\n\n<li>EBE &#8211; Exc\u00e9dent Brut d&rsquo;Exploitation<\/li>\n\n\n\n<li>RSE &#8211; Responsabilit\u00e9 Sociale des Entreprises<\/li>\n\n\n\n<li>PIB &#8211; Produit Int\u00e9rieur Brut<\/li>\n\n\n\n<li>CE &#8211; Comit\u00e9 d&rsquo;Entreprise (remplac\u00e9 par le CSE &#8211; Comit\u00e9 Social et \u00c9conomique)<\/li>\n\n\n\n<li>CICE &#8211; Cr\u00e9dit d&rsquo;Imp\u00f4t pour la Comp\u00e9titivit\u00e9 et l&rsquo;Emploi (Supprim\u00e9 en 2019)<\/li>\n\n\n\n<li>CSG &#8211; Contribution Sociale G\u00e9n\u00e9ralis\u00e9e<\/li>\n\n\n\n<li>CRDS &#8211; Contribution au Remboursement de la Dette Sociale<\/li>\n<\/ol>\n\n\n\n<p>N&rsquo;oubliez pas que cette liste est non exhaustive, car il existe de nombreux autres acronymes sp\u00e9cifiques \u00e0 certains domaines d&rsquo;activit\u00e9 et secteurs d&rsquo;entreprises. Il est donc important de se tenir inform\u00e9 et de se familiariser avec ceux qui sont pertinents pour votre entreprise.<\/p>\n","protected":false},"excerpt":{"rendered":"<p>En tant que chef d&rsquo;entreprise d&rsquo;une PME en France, il est essentiel de conna\u00eetre et de comprendre les principaux acronymes utilis\u00e9s dans le monde des affaires. Voici une liste des acronymes couramment utilis\u00e9s : Pour faire une recherche faites un Ctrl+F dans votre navigateur \ud83d\ude09 N&rsquo;oubliez pas que cette liste est non exhaustive, car il &hellip; <\/p>\n<p class=\"link-more\"><a href=\"https:\/\/portailpro.azer.re\/?page_id=78\" class=\"more-link\">Continue reading<span class=\"screen-reader-text\"> \u00ab\u00a0notions de bases du chef d&rsquo;entreprise\u00a0\u00bb<\/span><\/a><\/p>\n","protected":false},"author":1,"featured_media":0,"parent":0,"menu_order":0,"comment_status":"closed","ping_status":"closed","template":"","meta":{"footnotes":""},"class_list":["post-78","page","type-page","status-publish","hentry"],"yoast_head":"<!-- This site is optimized with the Yoast SEO plugin v20.11 - https:\/\/yoast.com\/wordpress\/plugins\/seo\/ -->\n<title>notions de bases du chef d&#039;entreprise - Portail PRO<\/title>\n<meta name=\"robots\" content=\"index, follow, max-snippet:-1, max-image-preview:large, max-video-preview:-1\" \/>\n<link rel=\"canonical\" href=\"https:\/\/portailpro.azer.re\/?page_id=78\" \/>\n<meta property=\"og:locale\" content=\"fr_FR\" \/>\n<meta property=\"og:type\" content=\"article\" \/>\n<meta property=\"og:title\" content=\"notions de bases du chef d&#039;entreprise - Portail PRO\" \/>\n<meta property=\"og:description\" content=\"En tant que chef d&rsquo;entreprise d&rsquo;une PME en France, il est essentiel de conna\u00eetre et de comprendre les principaux acronymes utilis\u00e9s dans le monde des affaires. Voici une liste des acronymes couramment utilis\u00e9s : Pour faire une recherche faites un Ctrl+F dans votre navigateur \ud83d\ude09 N&rsquo;oubliez pas que cette liste est non exhaustive, car il &hellip; Continue reading &quot;notions de bases du chef d&rsquo;entreprise&quot;\" \/>\n<meta property=\"og:url\" content=\"https:\/\/portailpro.azer.re\/?page_id=78\" \/>\n<meta property=\"og:site_name\" content=\"Portail PRO\" \/>\n<meta property=\"article:modified_time\" content=\"2023-07-28T14:41:01+00:00\" \/>\n<meta name=\"twitter:card\" content=\"summary_large_image\" \/>\n<meta name=\"twitter:label1\" content=\"Dur\u00e9e de lecture estim\u00e9e\" \/>\n\t<meta name=\"twitter:data1\" content=\"2 minutes\" \/>\n<script type=\"application\/ld+json\" class=\"yoast-schema-graph\">{\"@context\":\"https:\/\/schema.org\",\"@graph\":[{\"@type\":\"WebPage\",\"@id\":\"https:\/\/portailpro.azer.re\/?page_id=78\",\"url\":\"https:\/\/portailpro.azer.re\/?page_id=78\",\"name\":\"notions de bases du chef d'entreprise - Portail PRO\",\"isPartOf\":{\"@id\":\"https:\/\/portailpro.azer.re\/#website\"},\"datePublished\":\"2023-07-14T13:00:40+00:00\",\"dateModified\":\"2023-07-28T14:41:01+00:00\",\"breadcrumb\":{\"@id\":\"https:\/\/portailpro.azer.re\/?page_id=78#breadcrumb\"},\"inLanguage\":\"fr-FR\",\"potentialAction\":[{\"@type\":\"ReadAction\",\"target\":[\"https:\/\/portailpro.azer.re\/?page_id=78\"]}]},{\"@type\":\"BreadcrumbList\",\"@id\":\"https:\/\/portailpro.azer.re\/?page_id=78#breadcrumb\",\"itemListElement\":[{\"@type\":\"ListItem\",\"position\":1,\"name\":\"Accueil\",\"item\":\"https:\/\/portailpro.azer.re\/\"},{\"@type\":\"ListItem\",\"position\":2,\"name\":\"notions de bases du chef d&rsquo;entreprise\"}]},{\"@type\":\"WebSite\",\"@id\":\"https:\/\/portailpro.azer.re\/#website\",\"url\":\"https:\/\/portailpro.azer.re\/\",\"name\":\"Portail PRO\",\"description\":\"Aide aux chefs de petites entreprises et artisans\",\"publisher\":{\"@id\":\"https:\/\/portailpro.azer.re\/#organization\"},\"potentialAction\":[{\"@type\":\"SearchAction\",\"target\":{\"@type\":\"EntryPoint\",\"urlTemplate\":\"https:\/\/portailpro.azer.re\/?s={search_term_string}\"},\"query-input\":\"required name=search_term_string\"}],\"inLanguage\":\"fr-FR\"},{\"@type\":\"Organization\",\"@id\":\"https:\/\/portailpro.azer.re\/#organization\",\"name\":\"Portail PRO\",\"url\":\"https:\/\/portailpro.azer.re\/\",\"logo\":{\"@type\":\"ImageObject\",\"inLanguage\":\"fr-FR\",\"@id\":\"https:\/\/portailpro.azer.re\/#\/schema\/logo\/image\/\",\"url\":\"https:\/\/portailpro.azer.re\/wp-content\/uploads\/2023\/07\/protailazerrepngseul.png\",\"contentUrl\":\"https:\/\/portailpro.azer.re\/wp-content\/uploads\/2023\/07\/protailazerrepngseul.png\",\"width\":960,\"height\":557,\"caption\":\"Portail PRO\"},\"image\":{\"@id\":\"https:\/\/portailpro.azer.re\/#\/schema\/logo\/image\/\"}}]}<\/script>\n<!-- \/ Yoast SEO plugin. -->","yoast_head_json":{"title":"notions de bases du chef d'entreprise - Portail PRO","robots":{"index":"index","follow":"follow","max-snippet":"max-snippet:-1","max-image-preview":"max-image-preview:large","max-video-preview":"max-video-preview:-1"},"canonical":"https:\/\/portailpro.azer.re\/?page_id=78","og_locale":"fr_FR","og_type":"article","og_title":"notions de bases du chef d'entreprise - Portail PRO","og_description":"En tant que chef d&rsquo;entreprise d&rsquo;une PME en France, il est essentiel de conna\u00eetre et de comprendre les principaux acronymes utilis\u00e9s dans le monde des affaires. Voici une liste des acronymes couramment utilis\u00e9s : Pour faire une recherche faites un Ctrl+F dans votre navigateur \ud83d\ude09 N&rsquo;oubliez pas que cette liste est non exhaustive, car il &hellip; Continue reading \"notions de bases du chef d&rsquo;entreprise\"","og_url":"https:\/\/portailpro.azer.re\/?page_id=78","og_site_name":"Portail PRO","article_modified_time":"2023-07-28T14:41:01+00:00","twitter_card":"summary_large_image","twitter_misc":{"Dur\u00e9e de lecture estim\u00e9e":"2 minutes"},"schema":{"@context":"https:\/\/schema.org","@graph":[{"@type":"WebPage","@id":"https:\/\/portailpro.azer.re\/?page_id=78","url":"https:\/\/portailpro.azer.re\/?page_id=78","name":"notions de bases du chef d'entreprise - Portail PRO","isPartOf":{"@id":"https:\/\/portailpro.azer.re\/#website"},"datePublished":"2023-07-14T13:00:40+00:00","dateModified":"2023-07-28T14:41:01+00:00","breadcrumb":{"@id":"https:\/\/portailpro.azer.re\/?page_id=78#breadcrumb"},"inLanguage":"fr-FR","potentialAction":[{"@type":"ReadAction","target":["https:\/\/portailpro.azer.re\/?page_id=78"]}]},{"@type":"BreadcrumbList","@id":"https:\/\/portailpro.azer.re\/?page_id=78#breadcrumb","itemListElement":[{"@type":"ListItem","position":1,"name":"Accueil","item":"https:\/\/portailpro.azer.re\/"},{"@type":"ListItem","position":2,"name":"notions de bases du chef d&rsquo;entreprise"}]},{"@type":"WebSite","@id":"https:\/\/portailpro.azer.re\/#website","url":"https:\/\/portailpro.azer.re\/","name":"Portail PRO","description":"Aide aux chefs de petites entreprises et artisans","publisher":{"@id":"https:\/\/portailpro.azer.re\/#organization"},"potentialAction":[{"@type":"SearchAction","target":{"@type":"EntryPoint","urlTemplate":"https:\/\/portailpro.azer.re\/?s={search_term_string}"},"query-input":"required name=search_term_string"}],"inLanguage":"fr-FR"},{"@type":"Organization","@id":"https:\/\/portailpro.azer.re\/#organization","name":"Portail PRO","url":"https:\/\/portailpro.azer.re\/","logo":{"@type":"ImageObject","inLanguage":"fr-FR","@id":"https:\/\/portailpro.azer.re\/#\/schema\/logo\/image\/","url":"https:\/\/portailpro.azer.re\/wp-content\/uploads\/2023\/07\/protailazerrepngseul.png","contentUrl":"https:\/\/portailpro.azer.re\/wp-content\/uploads\/2023\/07\/protailazerrepngseul.png","width":960,"height":557,"caption":"Portail PRO"},"image":{"@id":"https:\/\/portailpro.azer.re\/#\/schema\/logo\/image\/"}}]}},"jetpack_sharing_enabled":true,"_links":{"self":[{"href":"https:\/\/portailpro.azer.re\/index.php?rest_route=\/wp\/v2\/pages\/78","targetHints":{"allow":["GET"]}}],"collection":[{"href":"https:\/\/portailpro.azer.re\/index.php?rest_route=\/wp\/v2\/pages"}],"about":[{"href":"https:\/\/portailpro.azer.re\/index.php?rest_route=\/wp\/v2\/types\/page"}],"author":[{"embeddable":true,"href":"https:\/\/portailpro.azer.re\/index.php?rest_route=\/wp\/v2\/users\/1"}],"replies":[{"embeddable":true,"href":"https:\/\/portailpro.azer.re\/index.php?rest_route=%2Fwp%2Fv2%2Fcomments&post=78"}],"version-history":[{"count":16,"href":"https:\/\/portailpro.azer.re\/index.php?rest_route=\/wp\/v2\/pages\/78\/revisions"}],"predecessor-version":[{"id":173,"href":"https:\/\/portailpro.azer.re\/index.php?rest_route=\/wp\/v2\/pages\/78\/revisions\/173"}],"wp:attachment":[{"href":"https:\/\/portailpro.azer.re\/index.php?rest_route=%2Fwp%2Fv2%2Fmedia&parent=78"}],"curies":[{"name":"wp","href":"https:\/\/api.w.org\/{rel}","templated":true}]}}