{"id":90,"date":"2023-07-14T17:06:55","date_gmt":"2023-07-14T13:06:55","guid":{"rendered":"https:\/\/portailpro.azer.re\/?page_id=90"},"modified":"2023-07-20T18:24:20","modified_gmt":"2023-07-20T14:24:20","slug":"les-clients","status":"publish","type":"page","link":"https:\/\/portailpro.azer.re\/?page_id=90","title":{"rendered":"Les clients"},"content":{"rendered":"\n<p>Un client est une personne sp\u00e9ciale pour une entreprise ou un magasin. Lorsque tu vas dans un magasin pour acheter un jouet, par exemple, tu deviens un client de ce magasin. Le client est comme un ami pour l&rsquo;entreprise, car il ach\u00e8te des choses chez eux et les aide \u00e0 prosp\u00e9rer. Les entreprises font de leur mieux pour rendre leurs clients heureux en leur proposant de belles choses \u00e0 acheter et en leur donnant un bon service. Alors, quand tu deviens plus grand et que tu auras ton propre argent, tu seras \u00e9galement un client et tu pourras choisir o\u00f9 tu veux acheter des choses !<\/p>\n\n\n\n<p>De mani\u00e8re synth\u00e9tique, un client est une personne ou une entit\u00e9 qui ach\u00e8te des biens ou des services fournis par une entreprise. Le client joue un r\u00f4le essentiel dans le fonctionnement d&rsquo;une entreprise, car il repr\u00e9sente la demande pour les produits ou services de l&rsquo;entreprise. La satisfaction et la fid\u00e9lit\u00e9 des clients sont des objectifs cl\u00e9s pour les entreprises, car elles contribuent \u00e0 la croissance, \u00e0 la r\u00e9putation et au succ\u00e8s \u00e0 long terme de l&rsquo;entreprise.<\/p>\n","protected":false},"excerpt":{"rendered":"<p>Un client est une personne sp\u00e9ciale pour une entreprise ou un magasin. Lorsque tu vas dans un magasin pour acheter un jouet, par exemple, tu deviens un client de ce magasin. Le client est comme un ami pour l&rsquo;entreprise, car il ach\u00e8te des choses chez eux et les aide \u00e0 prosp\u00e9rer. Les entreprises font de &hellip; <\/p>\n<p class=\"link-more\"><a href=\"https:\/\/portailpro.azer.re\/?page_id=90\" class=\"more-link\">Continue reading<span class=\"screen-reader-text\"> \u00ab\u00a0Les clients\u00a0\u00bb<\/span><\/a><\/p>\n","protected":false},"author":1,"featured_media":0,"parent":0,"menu_order":0,"comment_status":"closed","ping_status":"closed","template":"","meta":{"footnotes":""},"class_list":["post-90","page","type-page","status-publish","hentry"],"yoast_head":"<!-- This site is optimized with the Yoast SEO plugin v20.11 - https:\/\/yoast.com\/wordpress\/plugins\/seo\/ -->\n<title>Les clients - Portail PRO<\/title>\n<meta name=\"robots\" content=\"index, follow, max-snippet:-1, max-image-preview:large, max-video-preview:-1\" \/>\n<link rel=\"canonical\" href=\"https:\/\/portailpro.azer.re\/?page_id=90\" \/>\n<meta property=\"og:locale\" content=\"fr_FR\" \/>\n<meta property=\"og:type\" content=\"article\" \/>\n<meta property=\"og:title\" content=\"Les clients - Portail PRO\" \/>\n<meta property=\"og:description\" content=\"Un client est une personne sp\u00e9ciale pour une entreprise ou un magasin. Lorsque tu vas dans un magasin pour acheter un jouet, par exemple, tu deviens un client de ce magasin. Le client est comme un ami pour l&rsquo;entreprise, car il ach\u00e8te des choses chez eux et les aide \u00e0 prosp\u00e9rer. Les entreprises font de &hellip; Continue reading &quot;Les clients&quot;\" \/>\n<meta property=\"og:url\" content=\"https:\/\/portailpro.azer.re\/?page_id=90\" \/>\n<meta property=\"og:site_name\" content=\"Portail PRO\" \/>\n<meta property=\"article:modified_time\" content=\"2023-07-20T14:24:20+00:00\" \/>\n<meta name=\"twitter:card\" content=\"summary_large_image\" \/>\n<meta name=\"twitter:label1\" content=\"Dur\u00e9e de lecture estim\u00e9e\" \/>\n\t<meta name=\"twitter:data1\" content=\"1 minute\" \/>\n<script type=\"application\/ld+json\" class=\"yoast-schema-graph\">{\"@context\":\"https:\/\/schema.org\",\"@graph\":[{\"@type\":\"WebPage\",\"@id\":\"https:\/\/portailpro.azer.re\/?page_id=90\",\"url\":\"https:\/\/portailpro.azer.re\/?page_id=90\",\"name\":\"Les clients - Portail PRO\",\"isPartOf\":{\"@id\":\"https:\/\/portailpro.azer.re\/#website\"},\"datePublished\":\"2023-07-14T13:06:55+00:00\",\"dateModified\":\"2023-07-20T14:24:20+00:00\",\"breadcrumb\":{\"@id\":\"https:\/\/portailpro.azer.re\/?page_id=90#breadcrumb\"},\"inLanguage\":\"fr-FR\",\"potentialAction\":[{\"@type\":\"ReadAction\",\"target\":[\"https:\/\/portailpro.azer.re\/?page_id=90\"]}]},{\"@type\":\"BreadcrumbList\",\"@id\":\"https:\/\/portailpro.azer.re\/?page_id=90#breadcrumb\",\"itemListElement\":[{\"@type\":\"ListItem\",\"position\":1,\"name\":\"Accueil\",\"item\":\"https:\/\/portailpro.azer.re\/\"},{\"@type\":\"ListItem\",\"position\":2,\"name\":\"Les clients\"}]},{\"@type\":\"WebSite\",\"@id\":\"https:\/\/portailpro.azer.re\/#website\",\"url\":\"https:\/\/portailpro.azer.re\/\",\"name\":\"Portail PRO\",\"description\":\"Aide aux chefs de petites entreprises et artisans\",\"publisher\":{\"@id\":\"https:\/\/portailpro.azer.re\/#organization\"},\"potentialAction\":[{\"@type\":\"SearchAction\",\"target\":{\"@type\":\"EntryPoint\",\"urlTemplate\":\"https:\/\/portailpro.azer.re\/?s={search_term_string}\"},\"query-input\":\"required name=search_term_string\"}],\"inLanguage\":\"fr-FR\"},{\"@type\":\"Organization\",\"@id\":\"https:\/\/portailpro.azer.re\/#organization\",\"name\":\"Portail PRO\",\"url\":\"https:\/\/portailpro.azer.re\/\",\"logo\":{\"@type\":\"ImageObject\",\"inLanguage\":\"fr-FR\",\"@id\":\"https:\/\/portailpro.azer.re\/#\/schema\/logo\/image\/\",\"url\":\"https:\/\/portailpro.azer.re\/wp-content\/uploads\/2023\/07\/protailazerrepngseul.png\",\"contentUrl\":\"https:\/\/portailpro.azer.re\/wp-content\/uploads\/2023\/07\/protailazerrepngseul.png\",\"width\":960,\"height\":557,\"caption\":\"Portail PRO\"},\"image\":{\"@id\":\"https:\/\/portailpro.azer.re\/#\/schema\/logo\/image\/\"}}]}<\/script>\n<!-- \/ Yoast SEO plugin. -->","yoast_head_json":{"title":"Les clients - Portail PRO","robots":{"index":"index","follow":"follow","max-snippet":"max-snippet:-1","max-image-preview":"max-image-preview:large","max-video-preview":"max-video-preview:-1"},"canonical":"https:\/\/portailpro.azer.re\/?page_id=90","og_locale":"fr_FR","og_type":"article","og_title":"Les clients - Portail PRO","og_description":"Un client est une personne sp\u00e9ciale pour une entreprise ou un magasin. Lorsque tu vas dans un magasin pour acheter un jouet, par exemple, tu deviens un client de ce magasin. Le client est comme un ami pour l&rsquo;entreprise, car il ach\u00e8te des choses chez eux et les aide \u00e0 prosp\u00e9rer. Les entreprises font de &hellip; Continue reading \"Les clients\"","og_url":"https:\/\/portailpro.azer.re\/?page_id=90","og_site_name":"Portail PRO","article_modified_time":"2023-07-20T14:24:20+00:00","twitter_card":"summary_large_image","twitter_misc":{"Dur\u00e9e de lecture estim\u00e9e":"1 minute"},"schema":{"@context":"https:\/\/schema.org","@graph":[{"@type":"WebPage","@id":"https:\/\/portailpro.azer.re\/?page_id=90","url":"https:\/\/portailpro.azer.re\/?page_id=90","name":"Les clients - Portail PRO","isPartOf":{"@id":"https:\/\/portailpro.azer.re\/#website"},"datePublished":"2023-07-14T13:06:55+00:00","dateModified":"2023-07-20T14:24:20+00:00","breadcrumb":{"@id":"https:\/\/portailpro.azer.re\/?page_id=90#breadcrumb"},"inLanguage":"fr-FR","potentialAction":[{"@type":"ReadAction","target":["https:\/\/portailpro.azer.re\/?page_id=90"]}]},{"@type":"BreadcrumbList","@id":"https:\/\/portailpro.azer.re\/?page_id=90#breadcrumb","itemListElement":[{"@type":"ListItem","position":1,"name":"Accueil","item":"https:\/\/portailpro.azer.re\/"},{"@type":"ListItem","position":2,"name":"Les clients"}]},{"@type":"WebSite","@id":"https:\/\/portailpro.azer.re\/#website","url":"https:\/\/portailpro.azer.re\/","name":"Portail PRO","description":"Aide aux chefs de petites entreprises et artisans","publisher":{"@id":"https:\/\/portailpro.azer.re\/#organization"},"potentialAction":[{"@type":"SearchAction","target":{"@type":"EntryPoint","urlTemplate":"https:\/\/portailpro.azer.re\/?s={search_term_string}"},"query-input":"required name=search_term_string"}],"inLanguage":"fr-FR"},{"@type":"Organization","@id":"https:\/\/portailpro.azer.re\/#organization","name":"Portail PRO","url":"https:\/\/portailpro.azer.re\/","logo":{"@type":"ImageObject","inLanguage":"fr-FR","@id":"https:\/\/portailpro.azer.re\/#\/schema\/logo\/image\/","url":"https:\/\/portailpro.azer.re\/wp-content\/uploads\/2023\/07\/protailazerrepngseul.png","contentUrl":"https:\/\/portailpro.azer.re\/wp-content\/uploads\/2023\/07\/protailazerrepngseul.png","width":960,"height":557,"caption":"Portail PRO"},"image":{"@id":"https:\/\/portailpro.azer.re\/#\/schema\/logo\/image\/"}}]}},"jetpack_sharing_enabled":true,"_links":{"self":[{"href":"https:\/\/portailpro.azer.re\/index.php?rest_route=\/wp\/v2\/pages\/90","targetHints":{"allow":["GET"]}}],"collection":[{"href":"https:\/\/portailpro.azer.re\/index.php?rest_route=\/wp\/v2\/pages"}],"about":[{"href":"https:\/\/portailpro.azer.re\/index.php?rest_route=\/wp\/v2\/types\/page"}],"author":[{"embeddable":true,"href":"https:\/\/portailpro.azer.re\/index.php?rest_route=\/wp\/v2\/users\/1"}],"replies":[{"embeddable":true,"href":"https:\/\/portailpro.azer.re\/index.php?rest_route=%2Fwp%2Fv2%2Fcomments&post=90"}],"version-history":[{"count":2,"href":"https:\/\/portailpro.azer.re\/index.php?rest_route=\/wp\/v2\/pages\/90\/revisions"}],"predecessor-version":[{"id":127,"href":"https:\/\/portailpro.azer.re\/index.php?rest_route=\/wp\/v2\/pages\/90\/revisions\/127"}],"wp:attachment":[{"href":"https:\/\/portailpro.azer.re\/index.php?rest_route=%2Fwp%2Fv2%2Fmedia&parent=90"}],"curies":[{"name":"wp","href":"https:\/\/api.w.org\/{rel}","templated":true}]}}