{"id":91,"date":"2023-07-14T17:07:01","date_gmt":"2023-07-14T13:07:01","guid":{"rendered":"https:\/\/portailpro.azer.re\/?page_id=91"},"modified":"2023-07-20T18:24:19","modified_gmt":"2023-07-20T14:24:19","slug":"les-fournisseurs","status":"publish","type":"page","link":"https:\/\/portailpro.azer.re\/?page_id=91","title":{"rendered":"Les fournisseurs"},"content":{"rendered":"\n<p>Un fournisseur, par rapport \u00e0 une entreprise, est une entit\u00e9 ou une personne qui fournit des biens, des produits ou des services \u00e0 ladite entreprise. Il peut s&rsquo;agir d&rsquo;une autre entreprise, d&rsquo;un individu, d&rsquo;une organisation ou m\u00eame d&rsquo;un gouvernement.<\/p>\n\n\n\n<p>Les fournisseurs jouent un r\u00f4le essentiel dans le bon fonctionnement d&rsquo;une entreprise car ils approvisionnent cette derni\u00e8re en mati\u00e8res premi\u00e8res, en produits finis, en \u00e9quipements, en services professionnels, ou en toute autre ressource n\u00e9cessaire \u00e0 l&rsquo;activit\u00e9 de l&rsquo;entreprise. Les types de fournisseurs peuvent varier en fonction du secteur d&rsquo;activit\u00e9 de l&rsquo;entreprise et de ses besoins sp\u00e9cifiques.<\/p>\n\n\n\n<p>Pour maintenir de bonnes relations avec les fournisseurs, les entreprises peuvent n\u00e9gocier des contrats, des tarifs, et \u00e9tablir des termes et des conditions d&rsquo;approvisionnement. La gestion efficace des fournisseurs est cruciale pour assurer la qualit\u00e9, la r\u00e9gularit\u00e9 des approvisionnements et pour maintenir la comp\u00e9titivit\u00e9 de l&rsquo;entreprise sur le march\u00e9. Des relations de confiance et de partenariat avec les fournisseurs peuvent \u00e9galement contribuer \u00e0 des avantages mutuels, tels que des remises pour volume, des d\u00e9lais de paiement plus flexibles, ou des am\u00e9liorations continues de la qualit\u00e9 des produits et services fournis.<\/p>\n","protected":false},"excerpt":{"rendered":"<p>Un fournisseur, par rapport \u00e0 une entreprise, est une entit\u00e9 ou une personne qui fournit des biens, des produits ou des services \u00e0 ladite entreprise. Il peut s&rsquo;agir d&rsquo;une autre entreprise, d&rsquo;un individu, d&rsquo;une organisation ou m\u00eame d&rsquo;un gouvernement. Les fournisseurs jouent un r\u00f4le essentiel dans le bon fonctionnement d&rsquo;une entreprise car ils approvisionnent cette &hellip; <\/p>\n<p class=\"link-more\"><a href=\"https:\/\/portailpro.azer.re\/?page_id=91\" class=\"more-link\">Continue reading<span class=\"screen-reader-text\"> \u00ab\u00a0Les fournisseurs\u00a0\u00bb<\/span><\/a><\/p>\n","protected":false},"author":1,"featured_media":0,"parent":0,"menu_order":0,"comment_status":"closed","ping_status":"closed","template":"","meta":{"footnotes":""},"class_list":["post-91","page","type-page","status-publish","hentry"],"yoast_head":"<!-- This site is optimized with the Yoast SEO plugin v20.11 - https:\/\/yoast.com\/wordpress\/plugins\/seo\/ -->\n<title>Les fournisseurs - Portail PRO<\/title>\n<meta name=\"robots\" content=\"index, follow, max-snippet:-1, max-image-preview:large, max-video-preview:-1\" \/>\n<link rel=\"canonical\" href=\"https:\/\/portailpro.azer.re\/?page_id=91\" \/>\n<meta property=\"og:locale\" content=\"fr_FR\" \/>\n<meta property=\"og:type\" content=\"article\" \/>\n<meta property=\"og:title\" content=\"Les fournisseurs - Portail PRO\" \/>\n<meta property=\"og:description\" content=\"Un fournisseur, par rapport \u00e0 une entreprise, est une entit\u00e9 ou une personne qui fournit des biens, des produits ou des services \u00e0 ladite entreprise. Il peut s&rsquo;agir d&rsquo;une autre entreprise, d&rsquo;un individu, d&rsquo;une organisation ou m\u00eame d&rsquo;un gouvernement. Les fournisseurs jouent un r\u00f4le essentiel dans le bon fonctionnement d&rsquo;une entreprise car ils approvisionnent cette &hellip; Continue reading &quot;Les fournisseurs&quot;\" \/>\n<meta property=\"og:url\" content=\"https:\/\/portailpro.azer.re\/?page_id=91\" \/>\n<meta property=\"og:site_name\" content=\"Portail PRO\" \/>\n<meta property=\"article:modified_time\" content=\"2023-07-20T14:24:19+00:00\" \/>\n<meta name=\"twitter:card\" content=\"summary_large_image\" \/>\n<meta name=\"twitter:label1\" content=\"Dur\u00e9e de lecture estim\u00e9e\" \/>\n\t<meta name=\"twitter:data1\" content=\"1 minute\" \/>\n<script type=\"application\/ld+json\" class=\"yoast-schema-graph\">{\"@context\":\"https:\/\/schema.org\",\"@graph\":[{\"@type\":\"WebPage\",\"@id\":\"https:\/\/portailpro.azer.re\/?page_id=91\",\"url\":\"https:\/\/portailpro.azer.re\/?page_id=91\",\"name\":\"Les fournisseurs - Portail PRO\",\"isPartOf\":{\"@id\":\"https:\/\/portailpro.azer.re\/#website\"},\"datePublished\":\"2023-07-14T13:07:01+00:00\",\"dateModified\":\"2023-07-20T14:24:19+00:00\",\"breadcrumb\":{\"@id\":\"https:\/\/portailpro.azer.re\/?page_id=91#breadcrumb\"},\"inLanguage\":\"fr-FR\",\"potentialAction\":[{\"@type\":\"ReadAction\",\"target\":[\"https:\/\/portailpro.azer.re\/?page_id=91\"]}]},{\"@type\":\"BreadcrumbList\",\"@id\":\"https:\/\/portailpro.azer.re\/?page_id=91#breadcrumb\",\"itemListElement\":[{\"@type\":\"ListItem\",\"position\":1,\"name\":\"Accueil\",\"item\":\"https:\/\/portailpro.azer.re\/\"},{\"@type\":\"ListItem\",\"position\":2,\"name\":\"Les fournisseurs\"}]},{\"@type\":\"WebSite\",\"@id\":\"https:\/\/portailpro.azer.re\/#website\",\"url\":\"https:\/\/portailpro.azer.re\/\",\"name\":\"Portail PRO\",\"description\":\"Aide aux chefs de petites entreprises et artisans\",\"publisher\":{\"@id\":\"https:\/\/portailpro.azer.re\/#organization\"},\"potentialAction\":[{\"@type\":\"SearchAction\",\"target\":{\"@type\":\"EntryPoint\",\"urlTemplate\":\"https:\/\/portailpro.azer.re\/?s={search_term_string}\"},\"query-input\":\"required name=search_term_string\"}],\"inLanguage\":\"fr-FR\"},{\"@type\":\"Organization\",\"@id\":\"https:\/\/portailpro.azer.re\/#organization\",\"name\":\"Portail PRO\",\"url\":\"https:\/\/portailpro.azer.re\/\",\"logo\":{\"@type\":\"ImageObject\",\"inLanguage\":\"fr-FR\",\"@id\":\"https:\/\/portailpro.azer.re\/#\/schema\/logo\/image\/\",\"url\":\"https:\/\/portailpro.azer.re\/wp-content\/uploads\/2023\/07\/protailazerrepngseul.png\",\"contentUrl\":\"https:\/\/portailpro.azer.re\/wp-content\/uploads\/2023\/07\/protailazerrepngseul.png\",\"width\":960,\"height\":557,\"caption\":\"Portail PRO\"},\"image\":{\"@id\":\"https:\/\/portailpro.azer.re\/#\/schema\/logo\/image\/\"}}]}<\/script>\n<!-- \/ Yoast SEO plugin. -->","yoast_head_json":{"title":"Les fournisseurs - Portail PRO","robots":{"index":"index","follow":"follow","max-snippet":"max-snippet:-1","max-image-preview":"max-image-preview:large","max-video-preview":"max-video-preview:-1"},"canonical":"https:\/\/portailpro.azer.re\/?page_id=91","og_locale":"fr_FR","og_type":"article","og_title":"Les fournisseurs - Portail PRO","og_description":"Un fournisseur, par rapport \u00e0 une entreprise, est une entit\u00e9 ou une personne qui fournit des biens, des produits ou des services \u00e0 ladite entreprise. Il peut s&rsquo;agir d&rsquo;une autre entreprise, d&rsquo;un individu, d&rsquo;une organisation ou m\u00eame d&rsquo;un gouvernement. Les fournisseurs jouent un r\u00f4le essentiel dans le bon fonctionnement d&rsquo;une entreprise car ils approvisionnent cette &hellip; Continue reading \"Les fournisseurs\"","og_url":"https:\/\/portailpro.azer.re\/?page_id=91","og_site_name":"Portail PRO","article_modified_time":"2023-07-20T14:24:19+00:00","twitter_card":"summary_large_image","twitter_misc":{"Dur\u00e9e de lecture estim\u00e9e":"1 minute"},"schema":{"@context":"https:\/\/schema.org","@graph":[{"@type":"WebPage","@id":"https:\/\/portailpro.azer.re\/?page_id=91","url":"https:\/\/portailpro.azer.re\/?page_id=91","name":"Les fournisseurs - Portail PRO","isPartOf":{"@id":"https:\/\/portailpro.azer.re\/#website"},"datePublished":"2023-07-14T13:07:01+00:00","dateModified":"2023-07-20T14:24:19+00:00","breadcrumb":{"@id":"https:\/\/portailpro.azer.re\/?page_id=91#breadcrumb"},"inLanguage":"fr-FR","potentialAction":[{"@type":"ReadAction","target":["https:\/\/portailpro.azer.re\/?page_id=91"]}]},{"@type":"BreadcrumbList","@id":"https:\/\/portailpro.azer.re\/?page_id=91#breadcrumb","itemListElement":[{"@type":"ListItem","position":1,"name":"Accueil","item":"https:\/\/portailpro.azer.re\/"},{"@type":"ListItem","position":2,"name":"Les fournisseurs"}]},{"@type":"WebSite","@id":"https:\/\/portailpro.azer.re\/#website","url":"https:\/\/portailpro.azer.re\/","name":"Portail PRO","description":"Aide aux chefs de petites entreprises et artisans","publisher":{"@id":"https:\/\/portailpro.azer.re\/#organization"},"potentialAction":[{"@type":"SearchAction","target":{"@type":"EntryPoint","urlTemplate":"https:\/\/portailpro.azer.re\/?s={search_term_string}"},"query-input":"required name=search_term_string"}],"inLanguage":"fr-FR"},{"@type":"Organization","@id":"https:\/\/portailpro.azer.re\/#organization","name":"Portail PRO","url":"https:\/\/portailpro.azer.re\/","logo":{"@type":"ImageObject","inLanguage":"fr-FR","@id":"https:\/\/portailpro.azer.re\/#\/schema\/logo\/image\/","url":"https:\/\/portailpro.azer.re\/wp-content\/uploads\/2023\/07\/protailazerrepngseul.png","contentUrl":"https:\/\/portailpro.azer.re\/wp-content\/uploads\/2023\/07\/protailazerrepngseul.png","width":960,"height":557,"caption":"Portail PRO"},"image":{"@id":"https:\/\/portailpro.azer.re\/#\/schema\/logo\/image\/"}}]}},"jetpack_sharing_enabled":true,"_links":{"self":[{"href":"https:\/\/portailpro.azer.re\/index.php?rest_route=\/wp\/v2\/pages\/91","targetHints":{"allow":["GET"]}}],"collection":[{"href":"https:\/\/portailpro.azer.re\/index.php?rest_route=\/wp\/v2\/pages"}],"about":[{"href":"https:\/\/portailpro.azer.re\/index.php?rest_route=\/wp\/v2\/types\/page"}],"author":[{"embeddable":true,"href":"https:\/\/portailpro.azer.re\/index.php?rest_route=\/wp\/v2\/users\/1"}],"replies":[{"embeddable":true,"href":"https:\/\/portailpro.azer.re\/index.php?rest_route=%2Fwp%2Fv2%2Fcomments&post=91"}],"version-history":[{"count":2,"href":"https:\/\/portailpro.azer.re\/index.php?rest_route=\/wp\/v2\/pages\/91\/revisions"}],"predecessor-version":[{"id":128,"href":"https:\/\/portailpro.azer.re\/index.php?rest_route=\/wp\/v2\/pages\/91\/revisions\/128"}],"wp:attachment":[{"href":"https:\/\/portailpro.azer.re\/index.php?rest_route=%2Fwp%2Fv2%2Fmedia&parent=91"}],"curies":[{"name":"wp","href":"https:\/\/api.w.org\/{rel}","templated":true}]}}